{"id":19888,"date":"2021-12-31T13:23:31","date_gmt":"2021-12-31T13:23:31","guid":{"rendered":"https:\/\/cannatrust.eu\/wiki\/?page_id=19888"},"modified":"2022-08-22T14:39:34","modified_gmt":"2022-08-22T12:39:34","slug":"legalitaet-politik","status":"publish","type":"page","link":"https:\/\/cannatrust.eu\/wiki\/legalitaet-politik\/","title":{"rendered":"Legalit\u00e4t und Politik"},"content":{"rendered":"\n<div class=\"container section-title-container\" style=\"margin-bottom:0px;\"><h1 class=\"section-title section-title-bold-center\"><b><\/b><span class=\"section-title-main\" >Legalit\u00e4t &amp; Politik<\/span><b><\/b><\/h1><\/div>\n\n<div class=\"row\"  id=\"row-1238758002\">\n\n\n\t<div id=\"col-117918592\" class=\"col show-for-medium small-12 large-12\"  >\n\t\t\t\t<div class=\"col-inner\"  >\n\t\t\t\n\t\t\t\n\n\t\t<div class=\"show-for-medium\">\n\t\t\t\t\t\t\t\t\t\t\t<style type=\"text\/css\" media=\"screen\">\n\t\t\t\t\t\t\t#is-ajax-search-result-23179 .is-highlight { background-color: #FFFFB9 !important;}\n\t\t\t\t\t\t\t#is-ajax-search-result-23179 .meta .is-highlight { background-color: transparent !important;}\n\t\t\t\t\t\t\t<\/style>\n\t\t\t\t\t\t\n\n<form data-min-no-for-search=1 data-result-box-max-height=400 data-form-id=23179 class=\"is-search-form is-form-style is-form-style-3 is-form-id-23179 is-ajax-search\" action=\"https:\/\/cannatrust.eu\/wiki\/\" method=\"get\" role=\"search\" ><label for=\"is-search-input-23179\"><span class=\"is-screen-reader-text\">Search for:<\/span><input  type=\"search\" id=\"is-search-input-23179\" name=\"s\" value=\"\" class=\"is-search-input\" placeholder=\"Suche...\" autocomplete=off \/><span class=\"is-loader-image\" style=\"display: none;background-image:url(https:\/\/cannatrust.eu\/wiki\/wp-content\/plugins\/add-search-to-menu\/public\/images\/spinner.gif);\" ><\/span><\/label><button type=\"submit\" class=\"is-search-submit\"><span class=\"is-screen-reader-text\">Search Button<\/span><span class=\"is-search-icon\"><svg focusable=\"false\" aria-label=\"Search\" xmlns=\"http:\/\/www.w3.org\/2000\/svg\" viewBox=\"0 0 24 24\" width=\"24px\"><path d=\"M15.5 14h-.79l-.28-.27C15.41 12.59 16 11.11 16 9.5 16 5.91 13.09 3 9.5 3S3 5.91 3 9.5 5.91 16 9.5 16c1.61 0 3.09-.59 4.23-1.57l.27.28v.79l5 4.99L20.49 19l-4.99-5zm-6 0C7.01 14 5 11.99 5 9.5S7.01 5 9.5 5 14 7.01 14 9.5 11.99 14 9.5 14z\"><\/path><\/svg><\/span><\/button><input type=\"hidden\" name=\"id\" value=\"23179\" \/><\/form>\n\t\t<\/div>\n\t\n\n\t\t<\/div>\n\t\t\t\t\n<style>\n#col-117918592 > .col-inner {\n  margin: 0px 0px -30px 0px;\n}\n<\/style>\n\t<\/div>\n\n\t\n\n\t<div id=\"col-2006536134\" class=\"col medium-4 small-12 large-4\"  >\n\t\t\t\t<div class=\"col-inner\"  >\n\t\t\t\n\t\t\t\n\n\t<div class=\"box has-hover   has-hover box-shadow-2 box-shadow-2-hover box-text-bottom\" >\n\n\t\t<div class=\"box-image\" >\n\t\t\t<a href=\"https:\/\/cannatrust.eu\/wiki\/ist-cbd-legal\/\" >\t\t\t<div class=\"image-cover\" style=\"padding-top:50%;\">\n\t\t\t\t<img loading=\"lazy\" decoding=\"async\" width=\"1434\" height=\"734\" src=\"https:\/\/cannatrust.eu\/wiki\/wp-content\/uploads\/2019\/07\/CBD-Legal-Deutschland.png\" class=\"attachment- size-\" alt=\"CBD legal Deutschland\" srcset=\"https:\/\/cannatrust.eu\/wiki\/wp-content\/uploads\/2019\/07\/CBD-Legal-Deutschland.png 1434w, https:\/\/cannatrust.eu\/wiki\/wp-content\/uploads\/2019\/07\/CBD-Legal-Deutschland-781x400.png 781w, https:\/\/cannatrust.eu\/wiki\/wp-content\/uploads\/2019\/07\/CBD-Legal-Deutschland-1400x717.png 1400w, https:\/\/cannatrust.eu\/wiki\/wp-content\/uploads\/2019\/07\/CBD-Legal-Deutschland-768x393.png 768w\" sizes=\"auto, (max-width: 1434px) 100vw, 1434px\" title=\"\">\t\t\t\t\t\t\t\t\t\t\t<\/div>\n\t\t\t<\/a>\t\t<\/div>\n\n\t\t<div class=\"box-text text-center\" >\n\t\t\t<div class=\"box-text-inner\">\n\t\t\t\t\n\n<p><strong>Ist CBD legal?<br \/><\/strong><\/p>\n<p>Welche Regeln gibt es in Deutschland?<\/p>\n\n\t\t\t<\/div>\n\t\t<\/div>\n\t<\/div>\n\t\n\t<div id=\"gap-405918167\" class=\"gap-element clearfix\" style=\"display:block; height:auto;\">\n\t\t\n<style>\n#gap-405918167 {\n  padding-top: 11px;\n}\n<\/style>\n\t<\/div>\n\t\n\n\t<div class=\"box has-hover   has-hover box-shadow-2 box-shadow-2-hover box-text-bottom\" >\n\n\t\t<div class=\"box-image\" >\n\t\t\t<a href=\"https:\/\/cannatrust.eu\/wiki\/cbd-autofahren-fuehrerschein\/\" >\t\t\t<div class=\"image-cover\" style=\"padding-top:50%;\">\n\t\t\t\t<img loading=\"lazy\" decoding=\"async\" width=\"1000\" height=\"667\" src=\"https:\/\/cannatrust.eu\/wiki\/wp-content\/uploads\/2020\/08\/tim-foster-TW-rxLXqJUs-unsplash-scaled-e1598277940224.jpg\" class=\"attachment- size-\" alt=\"Autofahren CBD Dosierung\" srcset=\"https:\/\/cannatrust.eu\/wiki\/wp-content\/uploads\/2020\/08\/tim-foster-TW-rxLXqJUs-unsplash-scaled-e1598277940224.jpg 1000w, https:\/\/cannatrust.eu\/wiki\/wp-content\/uploads\/2020\/08\/tim-foster-TW-rxLXqJUs-unsplash-scaled-e1598277940224-600x400.jpg 600w, https:\/\/cannatrust.eu\/wiki\/wp-content\/uploads\/2020\/08\/tim-foster-TW-rxLXqJUs-unsplash-scaled-e1598277940224-768x512.jpg 768w\" sizes=\"auto, (max-width: 1000px) 100vw, 1000px\" title=\"\">\t\t\t\t\t\t\t\t\t\t\t<\/div>\n\t\t\t<\/a>\t\t<\/div>\n\n\t\t<div class=\"box-text text-center\" >\n\t\t\t<div class=\"box-text-inner\">\n\t\t\t\t\n\n<p><strong>CBD beim Autofahren<br \/><\/strong><\/p>\n<p>Was ist mit dem F\u00fchrerschein?<\/p>\n\n\t\t\t<\/div>\n\t\t<\/div>\n\t<\/div>\n\t\n\n\t\t<\/div>\n\t\t\t\t\n<style>\n#col-2006536134 > .col-inner {\n  margin: 0px 0px -20px 0px;\n}\n<\/style>\n\t<\/div>\n\n\t\n\n\t<div id=\"col-436274513\" class=\"col medium-4 small-12 large-4\"  >\n\t\t\t\t<div class=\"col-inner\"  >\n\t\t\t\n\t\t\t\n\n\t<div class=\"box has-hover   has-hover box-shadow-2 box-shadow-2-hover box-text-bottom\" >\n\n\t\t<div class=\"box-image\" >\n\t\t\t<a href=\"https:\/\/cannatrust.eu\/wiki\/cannabis-legalisierung\/\" >\t\t\t<div class=\"image-cover\" style=\"padding-top:50%;\">\n\t\t\t\t<img loading=\"lazy\" decoding=\"async\" width=\"1774\" height=\"998\" src=\"https:\/\/cannatrust.eu\/wiki\/wp-content\/uploads\/2022\/08\/cannabis-legalisierung-deutschland.png\" class=\"attachment- size-\" alt=\"Legalisierung von Cannabis THC in Deutschland\" srcset=\"https:\/\/cannatrust.eu\/wiki\/wp-content\/uploads\/2022\/08\/cannabis-legalisierung-deutschland.png 1774w, https:\/\/cannatrust.eu\/wiki\/wp-content\/uploads\/2022\/08\/cannabis-legalisierung-deutschland-711x400.png 711w, https:\/\/cannatrust.eu\/wiki\/wp-content\/uploads\/2022\/08\/cannabis-legalisierung-deutschland-1400x788.png 1400w, https:\/\/cannatrust.eu\/wiki\/wp-content\/uploads\/2022\/08\/cannabis-legalisierung-deutschland-768x432.png 768w, https:\/\/cannatrust.eu\/wiki\/wp-content\/uploads\/2022\/08\/cannabis-legalisierung-deutschland-1536x864.png 1536w, https:\/\/cannatrust.eu\/wiki\/wp-content\/uploads\/2022\/08\/cannabis-legalisierung-deutschland-180x100.png 180w\" sizes=\"auto, (max-width: 1774px) 100vw, 1774px\" title=\"\">\t\t\t\t\t\t\t\t\t\t\t<\/div>\n\t\t\t<\/a>\t\t<\/div>\n\n\t\t<div class=\"box-text text-center\" >\n\t\t\t<div class=\"box-text-inner\">\n\t\t\t\t\n\n<p><strong>Cannabis Legalisierung<br \/><\/strong><\/p>\n<p>Status quo &amp; Blick in die Zukunft<\/p>\n\n\t\t\t<\/div>\n\t\t<\/div>\n\t<\/div>\n\t\n\t<div id=\"gap-357980764\" class=\"gap-element clearfix\" style=\"display:block; height:auto;\">\n\t\t\n<style>\n#gap-357980764 {\n  padding-top: 11px;\n}\n<\/style>\n\t<\/div>\n\t\n\n\t<div class=\"box has-hover   has-hover box-shadow-2 box-shadow-2-hover box-text-bottom\" >\n\n\t\t<div class=\"box-image\" >\n\t\t\t<a href=\"https:\/\/cannatrust.eu\/wiki\/thc-abbau-rechner\/\" >\t\t\t<div class=\"image-cover\" style=\"padding-top:50%;\">\n\t\t\t\t<img loading=\"lazy\" decoding=\"async\" width=\"640\" height=\"427\" src=\"https:\/\/cannatrust.eu\/wiki\/wp-content\/uploads\/2022\/06\/pexels-pavel-danilyuk-8551280.jpg\" class=\"attachment- size-\" alt=\"Kiffen und Autofahren\" srcset=\"https:\/\/cannatrust.eu\/wiki\/wp-content\/uploads\/2022\/06\/pexels-pavel-danilyuk-8551280.jpg 640w, https:\/\/cannatrust.eu\/wiki\/wp-content\/uploads\/2022\/06\/pexels-pavel-danilyuk-8551280-600x400.jpg 600w\" sizes=\"auto, (max-width: 640px) 100vw, 640px\" title=\"\">\t\t\t\t\t\t\t\t\t\t\t<\/div>\n\t\t\t<\/a>\t\t<\/div>\n\n\t\t<div class=\"box-text text-center\" >\n\t\t\t<div class=\"box-text-inner\">\n\t\t\t\t\n\n<p><strong>THC Abbaurechner<br \/><\/strong><\/p>\n<p>Rechnen Sie den THC Wert aus!<\/p>\n\n\t\t\t<\/div>\n\t\t<\/div>\n\t<\/div>\n\t\n\n\t\t<\/div>\n\t\t\t\t\t<\/div>\n\n\t\n\n\t<div id=\"col-1437140019\" class=\"col hide-for-medium medium-4 small-12 large-4\"  >\n\t\t\t\t<div class=\"col-inner\"  >\n\t\t\t\n\t\t\t\n\n<ul class=\"sidebar-wrapper ul-reset hide-for-medium\"><aside id=\"is_widget-2\" class=\"widget widget_is_search widget_search\"><span class=\"widget-title \"><span>Suchanfrage<\/span><\/span><div class=\"is-divider small\"><\/div>\t\t\t\t\t\t\t<style type=\"text\/css\" media=\"screen\">\n\t\t\t\t\t\t\t#is-ajax-search-result-23179 .is-highlight { background-color: #FFFFB9 !important;}\n\t\t\t\t\t\t\t#is-ajax-search-result-23179 .meta .is-highlight { background-color: transparent !important;}\n\t\t\t\t\t\t\t<\/style>\n\t\t\t\t\t\t<form data-min-no-for-search=1 data-result-box-max-height=400 data-form-id=23179 class=\"is-search-form is-form-style is-form-style-3 is-form-id-23179 is-ajax-search\" action=\"https:\/\/cannatrust.eu\/wiki\/\" method=\"get\" role=\"search\" ><label for=\"is-search-input-23179\"><span class=\"is-screen-reader-text\">Search for:<\/span><input  type=\"search\" id=\"is-search-input-23179\" name=\"s\" value=\"\" class=\"is-search-input\" placeholder=\"Suche...\" autocomplete=off \/><span class=\"is-loader-image\" style=\"display: none;background-image:url(https:\/\/cannatrust.eu\/wiki\/wp-content\/plugins\/add-search-to-menu\/public\/images\/spinner.gif);\" ><\/span><\/label><button type=\"submit\" class=\"is-search-submit\"><span class=\"is-screen-reader-text\">Search Button<\/span><span class=\"is-search-icon\"><svg focusable=\"false\" aria-label=\"Search\" xmlns=\"http:\/\/www.w3.org\/2000\/svg\" viewBox=\"0 0 24 24\" width=\"24px\"><path d=\"M15.5 14h-.79l-.28-.27C15.41 12.59 16 11.11 16 9.5 16 5.91 13.09 3 9.5 3S3 5.91 3 9.5 5.91 16 9.5 16c1.61 0 3.09-.59 4.23-1.57l.27.28v.79l5 4.99L20.49 19l-4.99-5zm-6 0C7.01 14 5 11.99 5 9.5S7.01 5 9.5 5 14 7.01 14 9.5 11.99 14 9.5 14z\"><\/path><\/svg><\/span><\/button><input type=\"hidden\" name=\"id\" value=\"23179\" \/><\/form><\/aside>\n\t\t<aside id=\"block_widget-7\" class=\"widget block_widget\">\n\t\t<span class=\"widget-title \"><span>Kategorien<\/span><\/span><div class=\"is-divider small\"><\/div>\n\t\t<div class=\"row\"  id=\"row-1672939456\">\n\n\n\t<div id=\"col-722323416\" class=\"col small-12 large-12\"  >\n\t\t\t\t<div class=\"col-inner\"  >\n\t\t\t\n\t\t\t\n\n\t<div class=\"ux-menu stack stack-col justify-start ux-menu--divider-solid\">\n\t\t\n\n\t<div class=\"ux-menu-link flex menu-item\">\n\t\t<a class=\"ux-menu-link__link flex\" href=\"https:\/\/cannatrust.eu\/wiki\/allgemein\/\" >\n\t\t\t<i class=\"ux-menu-link__icon text-center icon-angle-right\" ><\/i>\t\t\t<span class=\"ux-menu-link__text\">\n\t\t\t\tAllgemein\t\t\t<\/span>\n\t\t<\/a>\n\t<\/div>\n\t\n\n\t<div class=\"ux-menu-link flex menu-item\">\n\t\t<a class=\"ux-menu-link__link flex\" href=\"https:\/\/cannatrust.eu\/wiki\/cannabinoide\/\" >\n\t\t\t<i class=\"ux-menu-link__icon text-center icon-angle-right\" ><\/i>\t\t\t<span class=\"ux-menu-link__text\">\n\t\t\t\tCannabinoide der Cannabis-Pflanze\t\t\t<\/span>\n\t\t<\/a>\n\t<\/div>\n\t\n\n\t<div class=\"ux-menu-link flex menu-item\">\n\t\t<a class=\"ux-menu-link__link flex\" href=\"https:\/\/cannatrust.eu\/wiki\/news\/\" >\n\t\t\t<i class=\"ux-menu-link__icon text-center icon-angle-right\" ><\/i>\t\t\t<span class=\"ux-menu-link__text\">\n\t\t\t\tCBD &amp; Cannabis News\t\t\t<\/span>\n\t\t<\/a>\n\t<\/div>\n\t\n\n\t<div class=\"ux-menu-link flex menu-item\">\n\t\t<a class=\"ux-menu-link__link flex\" href=\"https:\/\/cannatrust.eu\/wiki\/krankheiten\/\" >\n\t\t\t<i class=\"ux-menu-link__icon text-center icon-angle-right\" ><\/i>\t\t\t<span class=\"ux-menu-link__text\">\n\t\t\t\tKrankheiten\t\t\t<\/span>\n\t\t<\/a>\n\t<\/div>\n\t\n\n\t<div class=\"ux-menu-link flex menu-item\">\n\t\t<a class=\"ux-menu-link__link flex\" href=\"https:\/\/cannatrust.eu\/wiki\/legalitaet-politik\/\" rel=\"https:\/\/cannatrust.eu\/wiki\/legalitaet-politik\/\">\n\t\t\t<i class=\"ux-menu-link__icon text-center icon-angle-right\" ><\/i>\t\t\t<span class=\"ux-menu-link__text\">\n\t\t\t\tLegalit\u00e4t &amp; Politik\t\t\t<\/span>\n\t\t<\/a>\n\t<\/div>\n\t\n\n\t<div class=\"ux-menu-link flex menu-item\">\n\t\t<a class=\"ux-menu-link__link flex\" href=\"https:\/\/cannatrust.eu\/wiki\/produkte\/\" rel=\"https:\/\/cannatrust.eu\/wiki\/legalitaet-politik\/\">\n\t\t\t<i class=\"ux-menu-link__icon text-center icon-angle-right\" ><\/i>\t\t\t<span class=\"ux-menu-link__text\">\n\t\t\t\tProdukte\t\t\t<\/span>\n\t\t<\/a>\n\t<\/div>\n\t\n\n\n\t<\/div>\n\t\n\n\t\t<\/div>\n\t\t\t\t\t<\/div>\n\n\t\n\n<\/div>\n\t\t<\/aside><\/ul>\n\n\n\t\t<\/div>\n\t\t\t\t\t<\/div>\n\n\t\n\n<\/div>\n<div class=\"row align-middle\"  id=\"row-1235267577\">\n\n\n\t<div id=\"col-1527930449\" class=\"col small-12 large-12\"  >\n\t\t\t\t<div class=\"col-inner\"  >\n\t\t\t\n\t\t\t\n\n<div class=\"container section-title-container\" style=\"margin-bottom:-20px;\"><h2 class=\"section-title section-title-normal\"><b><\/b><span class=\"section-title-main\" >Sind Cannabinoide legal?<\/span><b><\/b><\/h2><\/div>\n\n\n\t\t<\/div>\n\t\t\t\t\t<\/div>\n\n\t\n\n\t<div id=\"col-583327035\" class=\"col medium-4 small-12 large-4\"  >\n\t\t\t\t<div class=\"col-inner\"  >\n\t\t\t\n\t\t\t\n\n\t<div class=\"img has-hover x md-x lg-x y md-y lg-y\" id=\"image_642825756\">\n\t\t\t\t\t\t\t\t<div class=\"img-inner dark\" >\n\t\t\t<img loading=\"lazy\" decoding=\"async\" width=\"640\" height=\"480\" src=\"https:\/\/cannatrust.eu\/wiki\/wp-content\/uploads\/2021\/12\/mueller-cannabis_legalisierung.jpg\" class=\"attachment-large size-large\" alt=\"Cannabis Legalisierung\" srcset=\"https:\/\/cannatrust.eu\/wiki\/wp-content\/uploads\/2021\/12\/mueller-cannabis_legalisierung.jpg 640w, https:\/\/cannatrust.eu\/wiki\/wp-content\/uploads\/2021\/12\/mueller-cannabis_legalisierung-533x400.jpg 533w\" sizes=\"auto, (max-width: 640px) 100vw, 640px\" title=\"\">\t\t\t\t\t\t\n\t\t\t\t\t<\/div>\n\t\t\t\t\t\t\t\t\n<style>\n#image_642825756 {\n  width: 100%;\n}\n<\/style>\n\t<\/div>\n\t\n\n\n\t\t<\/div>\n\t\t\t\t\t<\/div>\n\n\t\n\n\t<div id=\"col-1405898754\" class=\"col medium-8 small-12 large-8\"  >\n\t\t\t\t<div class=\"col-inner\"  >\n\t\t\t\n\t\t\t\n\n<p><span class=\"main-box-subtitle\">Cannabis ist in Deutschland, \u00d6sterreich, der Schweiz und in ganz Europa immer noch ein hei\u00df umk\u00e4mpftes und kontroverses Thema.<\/span><\/p>\n<p><span class=\"main-box-subtitle\"> Obwohl die Pflanze <strong>seit Jahrtausenden in der Naturheilkunde<\/strong> genutzt wurde, unterliegen auch die nicht-psychoaktiven oder nur gering psychoaktiven Cannabinoide einer gewissen <strong>Stigmatisierung<\/strong> auf Seiten der Beh\u00f6rden und Obrigkeiten. <\/span><\/p>\n<p><span class=\"main-box-subtitle\">Gerade deshalb ist <strong>Aufkl\u00e4rung und Einordnung<\/strong> immens wichtig. Finden Sie hier Antworten auf die wichtigsten Fragen rund um die CBD Legalit\u00e4t und die vielen anderen rechtlichen Fragen. Behalten Sie zu aktuellen Gerichtsverhandlungen und -entscheidungen auch die <a href=\"https:\/\/cannatrust.eu\/wiki\/news\/\">CannaTrust News<\/a> im Auge.<\/span><\/p>\n\n\t\t<\/div>\n\t\t\t\t\n<style>\n#col-1405898754 > .col-inner {\n  margin: 0px 0px -90px 0px;\n}\n<\/style>\n\t<\/div>\n\n\t\n\n<\/div>\n\n","protected":false},"excerpt":{"rendered":"","protected":false},"author":7,"featured_media":14852,"parent":0,"menu_order":0,"comment_status":"closed","ping_status":"closed","template":"","meta":{"footnotes":""},"class_list":["post-19888","page","type-page","status-publish","has-post-thumbnail","hentry"],"_links":{"self":[{"href":"https:\/\/cannatrust.eu\/wiki\/wp-json\/wp\/v2\/pages\/19888","targetHints":{"allow":["GET"]}}],"collection":[{"href":"https:\/\/cannatrust.eu\/wiki\/wp-json\/wp\/v2\/pages"}],"about":[{"href":"https:\/\/cannatrust.eu\/wiki\/wp-json\/wp\/v2\/types\/page"}],"author":[{"embeddable":true,"href":"https:\/\/cannatrust.eu\/wiki\/wp-json\/wp\/v2\/users\/7"}],"replies":[{"embeddable":true,"href":"https:\/\/cannatrust.eu\/wiki\/wp-json\/wp\/v2\/comments?post=19888"}],"version-history":[{"count":25,"href":"https:\/\/cannatrust.eu\/wiki\/wp-json\/wp\/v2\/pages\/19888\/revisions"}],"predecessor-version":[{"id":26440,"href":"https:\/\/cannatrust.eu\/wiki\/wp-json\/wp\/v2\/pages\/19888\/revisions\/26440"}],"wp:featuredmedia":[{"embeddable":true,"href":"https:\/\/cannatrust.eu\/wiki\/wp-json\/wp\/v2\/media\/14852"}],"wp:attachment":[{"href":"https:\/\/cannatrust.eu\/wiki\/wp-json\/wp\/v2\/media?parent=19888"}],"curies":[{"name":"wp","href":"https:\/\/api.w.org\/{rel}","templated":true}]}}